{"id":394,"date":"2016-08-29T08:52:42","date_gmt":"2016-08-29T08:52:42","guid":{"rendered":"https:\/\/mychange.pt\/?page_id=394&#038;lang=en"},"modified":"2022-06-01T09:22:12","modified_gmt":"2022-06-01T09:22:12","slug":"my-change","status":"publish","type":"page","link":"https:\/\/mychange.pt\/en\/quem-somos\/my-change\/","title":{"rendered":"MY CHANGE"},"content":{"rendered":"<div class=\"wpb-content-wrapper\"><p>[vc_row el_id=&#8221;my-change&#8221;][vc_column][vc_row_inner][vc_column_inner][vc_column_text el_class=&#8221;txt&#8221;]MY CHANGE<\/p>\n<p>MY CHANGE acts in a very experienced way in the area of Change Management through the Strategic Alignment of the human dimension of each organization. We are a Trusted Advisory of each client. We follow their strategies change, whether individual or collective, in partnership. We act with integrity and ethics, always!<\/p>\n<p>We believe it is possible to humanize the management of transformation, stimulating the understanding and ownership of change by its main actors.<\/p>\n<p>Sometimes, projects and challenges are very difficult, particularly aggravated by depressed economic conditions, technological discontinuities, highly competitive markets and urgent corporate restructuring.<\/p>\n<p>For teams who live these processes, the theme of change, the agenda of the day-to- day, marked by the need to reinvent themselves, adapt and innovate, which is not always with the desired urgency by managers. It is essential, therefore, to act for the change to happen. We believe that business success increases when there is investment in people and the routine is challenged.<\/p>\n<p>MY CHANGE is linked to the strong idea of Humanization of organizations, seeking to discover and optimize what is best in each professional.[\/vc_column_text][vc_raw_html el_class=&#8221;layer&#8221;]JTNDZGl2JTNFJTNDJTJGZGl2JTNF[\/vc_raw_html][vc_single_image image=&#8221;775&#8243; img_size=&#8221;full&#8221; alignment=&#8221;center&#8221; el_class=&#8221;image&#8221;][\/vc_column_inner][\/vc_row_inner][\/vc_column][\/vc_row][vc_row el_id=&#8221;mapa-titulo&#8221;][vc_column][vc_column_text el_class=&#8221;title&#8221;]Where are we and where have we been[\/vc_column_text][\/vc_column][\/vc_row][vc_row el_id=&#8221;mapa&#8221;][vc_column][vc_row_inner el_class=&#8221;container&#8221;][vc_column_inner][vc_raw_html]JTNDdWwlMjBjbGFzcyUzRCUyMmNpZGFkZXMlMjIlM0UlMEElM0NsaSUyMGNsYXNzJTNEJTIybGlzYm9hJTIyJTNFTGlzYm9hJTNDJTJGbGklM0UlMEElM0NsaSUyMGNsYXNzJTNEJTIybGltYSUyMiUzRUxpbWElM0MlMkZsaSUzRSUwQSUzQ2xpJTIwY2xhc3MlM0QlMjJtYWRyaWQlMjIlM0VNYWRyaWQlM0MlMkZsaSUzRSUwQSUzQ2xpJTIwY2xhc3MlM0QlMjJwYXJpcyUyMiUzRVBhcmlzJTNDJTJGbGklM0UlMEElM0NsaSUyMGNsYXNzJTNEJTIyYmlsYmFvJTIyJTNFQmlsYmFvJTNDJTJGbGklM0UlMEElM0NsaSUyMGNsYXNzJTNEJTIyb3ZpZWRvJTIyJTNFT3ZpZWRvJTNDJTJGbGklM0UlMEElM0NsaSUyMGNsYXNzJTNEJTIyaGFtYnVyZ28lMjIlM0VIYW1idXJnbyUzQyUyRmxpJTNFJTBBJTNDbGklMjBjbGFzcyUzRCUyMmhvdXN0b24lMjIlM0VIb3VzdG9uJTNDJTJGbGklM0UlMEElM0NsaSUyMGNsYXNzJTNEJTIyenVyaXF1ZSUyMiUzRVp1cmlxdWUlM0MlMkZsaSUzRSUwQSUzQ2xpJTIwY2xhc3MlM0QlMjJzYW50aWFnbyUyMiUzRVNhbnRpYWdvJTNDJTJGbGklM0UlMEElM0NsaSUyMGNsYXNzJTNEJTIybHVhbmRhJTIyJTNFTHVhbmRhJTNDJTJGbGklM0UlMEElM0NsaSUyMGNsYXNzJTNEJTIyc3BhdWxvJTIyJTNFUy5QYXVsbyUzQyUyRmxpJTNFJTBBJTNDbGklMjBjbGFzcyUzRCUyMnZpdG9yaWElMjIlM0VWaXRvcmlhJTNDJTJGbGklM0UlMEElM0MlMkZ1bCUzRSUwQSUwQSUzQ2RpdiUyMGNsYXNzJTNEJTIybG9jYWxpemFjYW8lMjIlM0UlMEElM0NkaXYlMjBjbGFzcyUzRCUyMmxpc2JvYSUyMiUzRSUzQyUyRmRpdiUzRSUwQSUzQ2RpdiUyMGNsYXNzJTNEJTIybGltYSUyMiUzRSUzQyUyRmRpdiUzRSUwQSUzQ2RpdiUyMGNsYXNzJTNEJTIybWFkcmlkJTIyJTNFJTNDJTJGZGl2JTNFJTBBJTNDZGl2JTIwY2xhc3MlM0QlMjJwYXJpcyUyMiUzRSUzQyUyRmRpdiUzRSUwQSUzQ2RpdiUyMGNsYXNzJTNEJTIyYmlsYmFvJTIyJTNFJTNDJTJGZGl2JTNFJTBBJTNDZGl2JTIwY2xhc3MlM0QlMjJvdmllZG8lMjIlM0UlM0MlMkZkaXYlM0UlMEElM0NkaXYlMjBjbGFzcyUzRCUyMmhhbWJ1cmdvJTIyJTNFJTNDJTJGZGl2JTNFJTBBJTNDZGl2JTIwY2xhc3MlM0QlMjJob3VzdG9uJTIyJTNFJTNDJTJGZGl2JTNFJTBBJTNDZGl2JTIwY2xhc3MlM0QlMjJ6dXJpcXVlJTIyJTNFJTNDJTJGZGl2JTNFJTBBJTNDZGl2JTIwY2xhc3MlM0QlMjJzYW50aWFnbyUyMiUzRSUzQyUyRmRpdiUzRSUwQSUzQ2RpdiUyMGNsYXNzJTNEJTIybHVhbmRhJTIyJTNFJTNDJTJGZGl2JTNFJTBBJTNDZGl2JTIwY2xhc3MlM0QlMjJzcGF1bG8lMjIlM0UlM0MlMkZkaXYlM0UlMEElM0NkaXYlMjBjbGFzcyUzRCUyMnZpdG9yaWElMjIlM0UlM0MlMkZkaXYlM0UlMEElM0NpbWclMjBzcmMlM0QlMjJodHRwcyUzQSUyRiUyRm15Y2hhbmdlLnB0JTJGd3AtY29udGVudCUyRnRoZW1lcyUyRkpFTExZQ09ERS1DSElMRFRIRU1FJTJGaW1hZ2VzJTJGbXljaGFuZ2VfbWFwYS5wbmclMjIlMjBjbGFzcyUzRCUyMm1hcGElMjIlMjAlMkYlM0UlMEElM0NpbWclMjBzcmMlM0QlMjJodHRwcyUzQSUyRiUyRm15Y2hhbmdlLnB0JTJGd3AtY29udGVudCUyRnRoZW1lcyUyRkpFTExZQ09ERS1DSElMRFRIRU1FJTJGaW1hZ2VzJTJGbXljaGFuZ2VfbWFwYW1vYmlsZS5wbmclMjIlMjBjbGFzcyUzRCUyMm1hcGEtbW9iaWxlJTIyJTIwJTJGJTNFJTBBJTNDJTJGZGl2JTNF[\/vc_raw_html][\/vc_column_inner][\/vc_row_inner][\/vc_column][\/vc_row][vc_row el_id=&#8221;why&#8221;][vc_column][vc_column_text el_class=&#8221;title&#8221;]Why My Change?[\/vc_column_text][vc_row_inner el_class=&#8221;individual&#8221;][vc_column_inner][vc_column_text el_class=&#8221;descritivo verde&#8221;]We have developed excellent relationships with high-level Management and with all employees[\/vc_column_text][vc_single_image image=&#8221;533&#8243; img_size=&#8221;full&#8221; el_class=&#8221;image&#8221;][\/vc_column_inner][\/vc_row_inner][vc_row_inner el_class=&#8221;individual&#8221;][vc_column_inner][vc_column_text el_class=&#8221;descritivo cinza&#8221;]Our team has professionals who are references in Human Resource Management[\/vc_column_text][vc_single_image image=&#8221;535&#8243; img_size=&#8221;full&#8221; el_class=&#8221;image&#8221;][\/vc_column_inner][\/vc_row_inner][vc_row_inner el_class=&#8221;individual&#8221;][vc_column_inner][vc_column_text el_class=&#8221;descritivo verde&#8221;]We are passionate about\u00a0people[\/vc_column_text][vc_single_image image=&#8221;536&#8243; img_size=&#8221;full&#8221; el_class=&#8221;image&#8221;][\/vc_column_inner][\/vc_row_inner][vc_row_inner el_class=&#8221;individual&#8221;][vc_column_inner][vc_column_text el_class=&#8221;descritivo verde&#8221;]We help to gain speed, to differentiate, to improve positioning in the market[\/vc_column_text][vc_single_image image=&#8221;537&#8243; img_size=&#8221;full&#8221; el_class=&#8221;image&#8221;][\/vc_column_inner][\/vc_row_inner][vc_row_inner el_class=&#8221;individual&#8221;][vc_column_inner][vc_column_text el_class=&#8221;descritivo verde&#8221;]We are innovators, we have Open Minded and trusted unique methodologies[\/vc_column_text][vc_single_image image=&#8221;538&#8243; img_size=&#8221;full&#8221; el_class=&#8221;image&#8221;][\/vc_column_inner][\/vc_row_inner][vc_row_inner el_class=&#8221;individual&#8221;][vc_column_inner][vc_column_text el_class=&#8221;descritivo verde&#8221;]We are a benchmark in Best Practices and we are Experts in alignment between<br \/>\nStrategy and People[\/vc_column_text][vc_single_image image=&#8221;539&#8243; img_size=&#8221;full&#8221; el_class=&#8221;image&#8221;][\/vc_column_inner][\/vc_row_inner][\/vc_column][\/vc_row][vc_row el_id=&#8221;certificacoes&#8221;][vc_column][vc_column_text el_class=&#8221;title&#8221;]Certifications[\/vc_column_text][vc_row_inner el_class=&#8221;logotipos-mobile&#8221;][vc_column_inner]<div id=\"ult-carousel-124237096969f64c9303dad\" class=\"ult-carousel-wrapper   ult_horizontal\" data-gutter=\"15\" data-rtl=\"false\" ><div class=\"ult-carousel-129049068069f64c9303d37 \" >[vc_single_image image=&#8221;699&#8243; img_size=&#8221;full&#8221; alignment=&#8221;center&#8221; el_class=&#8221;logo lamarsh&#8221;][vc_single_image image=&#8221;288&#8243; img_size=&#8221;full&#8221; alignment=&#8221;center&#8221; el_class=&#8221;logo dgert&#8221;][vc_single_image image=&#8221;289&#8243; img_size=&#8221;full&#8221; alignment=&#8221;center&#8221; el_class=&#8221;logo eec&#8221;][vc_single_image image=&#8221;290&#8243; img_size=&#8221;full&#8221; alignment=&#8221;center&#8221; el_class=&#8221;logo hbdi&#8221;][vc_single_image image=&#8221;291&#8243; img_size=&#8221;full&#8221; alignment=&#8221;center&#8221; el_class=&#8221;logo mta&#8221;][vc_single_image image=&#8221;292&#8243; img_size=&#8221;full&#8221; alignment=&#8221;center&#8221; el_class=&#8221;logo energy&#8221;][vc_single_image image=&#8221;293&#8243; img_size=&#8221;full&#8221; alignment=&#8221;center&#8221; el_class=&#8221;logo changesetter&#8221;][vc_single_image image=&#8221;294&#8243; img_size=&#8221;full&#8221; alignment=&#8221;center&#8221; el_class=&#8221;logo tti&#8221;]<\/div><\/div>            <script type=\"text\/javascript\">\n\t\t\t\tjQuery(document).ready(function($){\n               \t\t$('.ult-carousel-129049068069f64c9303d37').slick({dots: false,autoplay: true,autoplaySpeed: 5000,speed: 300,infinite: true,arrows: true,nextArrow: '<button type=\"button\" style=\"color:#4a524d; font-size:20px;\" class=\"slick-next default\"><i class=\"ultsl-arrow-right4\"><\/i><\/button>',prevArrow: '<button type=\"button\" style=\"color:#4a524d; font-size:20px;\" class=\"slick-prev default\"><i class=\"ultsl-arrow-left4\"><\/i><\/button>',slidesToScroll:1,slidesToShow:4,swipe: true,draggable: true,touchMove: true,responsive: [\n\t\t\t\t\t\t\t{\n\t\t\t\t\t\t\t  breakpoint: 1025,\n\t\t\t\t\t\t\t  settings: {\n\t\t\t\t\t\t\t\tslidesToShow: 4,\n\t\t\t\t\t\t\t\tslidesToScroll: 1,  \n\t\t\t\t\t\t\t  }\n\t\t\t\t\t\t\t},\n\t\t\t\t\t\t\t{\n\t\t\t\t\t\t\t  breakpoint: 769,\n\t\t\t\t\t\t\t  settings: {\n\t\t\t\t\t\t\t\tslidesToShow: 3,\n\t\t\t\t\t\t\t\tslidesToScroll: 3\n\t\t\t\t\t\t\t  }\n\t\t\t\t\t\t\t},\n\t\t\t\t\t\t\t{\n\t\t\t\t\t\t\t  breakpoint: 481,\n\t\t\t\t\t\t\t  settings: {\n\t\t\t\t\t\t\t\tslidesToShow: 1,\n\t\t\t\t\t\t\t\tslidesToScroll: 1\n\t\t\t\t\t\t\t  }\n\t\t\t\t\t\t\t}\n\t\t\t\t\t\t],pauseOnHover: true,\n\t\t\t\t\t\tpauseOnDotsHover: true,customPaging: function(slider, i) {\n                   return '<i type=\"button\" style=\"color:#333333;\" class=\"ultsl-record\" data-role=\"none\"><\/i>';\n                },});\n\t\t\t\t});\n\t\t\t<\/script>\n            [\/vc_column_inner][\/vc_row_inner][vc_row_inner el_class=&#8221;descritivos&#8221;][vc_column_inner][vc_column_text el_class=&#8221;descritivo lamarsh&#8221;]My Change is certified internationally by Global LaMarsh in Change Management.[\/vc_column_text][vc_column_text el_class=&#8221;descritivo dgert&#8221;]My Change is certified by DGERT as a Trainer entity for the design, development and monitoring of training programs.[\/vc_column_text][vc_column_text el_class=&#8221;descritivo eec&#8221;]My Change consultants are certified in Executive Coaching through the program &#8220;Accredited Coach Training Program&#8221; (PTCA) by EEC- Escuela Europea de Coaching, certifier approved by the International Coach Federation (ICF).[\/vc_column_text][vc_column_text el_class=&#8221;descritivo hbdi&#8221;]My Change consultants are certified by Herrmann International Institute Europe in the use of its methodology HBDI- Brain Dominance Instrument and Whole Brain Technology.[\/vc_column_text][vc_column_text el_class=&#8221;descritivo mta&#8221;]My Change consultants are certified as &#8220;MTA Licensed User&#8221; in the use of MTA Learning tools and methodologies.[\/vc_column_text][vc_column_text el_class=&#8221;descritivo energy&#8221;]My Change consultants are certified for the use of the Management methodology of cultural change, accredited by Energy8.[\/vc_column_text][vc_column_text el_class=&#8221;descritivo changesetter&#8221;]My Change consultants are certified to use the Change Setter methodology, a tool that accelerates and anticipates the critical success factors in Change Management.[\/vc_column_text][vc_column_text el_class=&#8221;descritivo tti&#8221;]My Change consultants are certified by TTI Success Insights Portugal for using the DISC behavioral tool.[\/vc_column_text][\/vc_column_inner][\/vc_row_inner][\/vc_column][\/vc_row][vc_row el_id=&#8221;parcerias&#8221;][vc_column][vc_column_text el_class=&#8221;title&#8221;]Partnerships[\/vc_column_text][vc_row_inner el_class=&#8221;parceria&#8221;][vc_column_inner][vc_single_image image=&#8221;242&#8243; img_size=&#8221;full&#8221; alignment=&#8221;center&#8221; el_class=&#8221;logo&#8221;][vc_column_text el_class=&#8221;descritivo&#8221;]<strong>C\u00e2mara de Com\u00e9rcio e Ind\u00fastria Portuguesa<\/strong><\/p>\n<p>MY CHANGE is an associate member of the C\u00e2mara de Com\u00e9rcio e Ind\u00fastria Portuguesa.[\/vc_column_text][\/vc_column_inner][\/vc_row_inner][vc_row_inner el_class=&#8221;parceria&#8221;][vc_column_inner][vc_single_image image=&#8221;281&#8243; img_size=&#8221;full&#8221; alignment=&#8221;center&#8221; el_class=&#8221;logo&#8221;][vc_column_text el_class=&#8221;descritivo&#8221;]<strong>C\u00e2mara Portuguesa de Com\u00e9rcio no Brasil<\/strong><\/p>\n<p>MY CHANGE is an associate member of the C\u00e2mara Portuguesa de Com\u00e9rcio no Brasil, strongly committed to follow the transformation of Portuguese companies in Brazil, aligning strategy and people with innovative methodologies and investing in markets outside Portugal.[\/vc_column_text][\/vc_column_inner][\/vc_row_inner][vc_row_inner el_class=&#8221;parceria&#8221;][vc_column_inner][vc_single_image image=&#8221;283&#8243; img_size=&#8221;full&#8221; alignment=&#8221;center&#8221; el_class=&#8221;logo&#8221;][vc_column_text el_class=&#8221;descritivo&#8221;]<strong>C\u00e2mara de Com\u00e9rcio e Ind\u00fastria na Madeira<\/strong><\/p>\n<p>MY CHANGE is an associate member of the C\u00e2mara de Com\u00e9rcio e Ind\u00fastria in Funchal, Madeira.[\/vc_column_text][\/vc_column_inner][\/vc_row_inner][\/vc_column][\/vc_row]<\/p>\n<\/div>","protected":false},"excerpt":{"rendered":"<p>[vc_row el_id=&#8221;my-change&#8221;][vc_column][vc_row_inner][vc_column_inner][vc_column_text el_class=&#8221;txt&#8221;]MY CHANGE MY CHANGE acts in a very experienced way in the area of Change Management through the Strategic Alignment of the human dimension of each organization. We are a Trusted Advisory of each client. We follow their strategies change, whether individual or collective, in partnership. We act with integrity and ethics, always! &hellip; <a href=\"https:\/\/mychange.pt\/en\/quem-somos\/my-change\/\" class=\"more-link\">Continue reading<span class=\"screen-reader-text\"> &#8220;MY CHANGE&#8221;<\/span><\/a><\/p>\n","protected":false},"author":1,"featured_media":0,"parent":858,"menu_order":0,"comment_status":"closed","ping_status":"closed","template":"","meta":{"_acf_changed":false,"footnotes":""},"class_list":["post-394","page","type-page","status-publish","hentry"],"acf":[],"_links":{"self":[{"href":"https:\/\/mychange.pt\/en\/wp-json\/wp\/v2\/pages\/394","targetHints":{"allow":["GET"]}}],"collection":[{"href":"https:\/\/mychange.pt\/en\/wp-json\/wp\/v2\/pages"}],"about":[{"href":"https:\/\/mychange.pt\/en\/wp-json\/wp\/v2\/types\/page"}],"author":[{"embeddable":true,"href":"https:\/\/mychange.pt\/en\/wp-json\/wp\/v2\/users\/1"}],"replies":[{"embeddable":true,"href":"https:\/\/mychange.pt\/en\/wp-json\/wp\/v2\/comments?post=394"}],"version-history":[{"count":5,"href":"https:\/\/mychange.pt\/en\/wp-json\/wp\/v2\/pages\/394\/revisions"}],"predecessor-version":[{"id":2185,"href":"https:\/\/mychange.pt\/en\/wp-json\/wp\/v2\/pages\/394\/revisions\/2185"}],"up":[{"embeddable":true,"href":"https:\/\/mychange.pt\/en\/wp-json\/wp\/v2\/pages\/858"}],"wp:attachment":[{"href":"https:\/\/mychange.pt\/en\/wp-json\/wp\/v2\/media?parent=394"}],"curies":[{"name":"wp","href":"https:\/\/api.w.org\/{rel}","templated":true}]}}